{"id":519,"date":"2018-10-17T06:23:05","date_gmt":"2018-10-17T06:23:05","guid":{"rendered":"https:\/\/amccmed.ca\/?page_id=519"},"modified":"2022-07-05T21:24:10","modified_gmt":"2022-07-06T01:24:10","slug":"qui-sommes-nous","status":"publish","type":"page","link":"https:\/\/amccmed.ca\/en\/qui-sommes-nous\/","title":{"rendered":"Qui Sommes-Nous"},"content":{"rendered":"<div class=\"wpb-content-wrapper\"><div id=\"tm-row-69ea57fc3c9de\" class=\"vc_row vc_row-outer vc_row-fluid\"><div id=\"tm-column-69ea57fc3d076\" class=\"wpb_column vc_column_container vc_col-sm-12\"><div class=\"vc_column-inner\"><div class=\"wpb_wrapper\"><div class=\"tm-spacer\" id=\"tm-spacer-69ea57fc3d300\"><\/div>\n\n<div class=\"tm-heading  center tm-animation move-up\" id=\"tm-heading-69ea57fc3d4e6\">\n\t<h3 class=\"heading\" >Who Are We ?<\/h3><\/div>\n\n<div class=\"tm-spacer\" id=\"tm-spacer-69ea57fc3d80b\"><\/div>\n\n<div class=\"tm-heading  left tm-animation move-up\" id=\"tm-heading-69ea57fc3d942\">\n\t<div class=\"heading\" >The Association of Cameroonians Physicians in Canada is a group of Cameroonians physicians practicing in Canada.<\/div><\/div>\n\n<div class=\"tm-spacer\" id=\"tm-spacer-69ea57fc3dc08\"><\/div>\n<div class=\"tm-spacer\" id=\"tm-spacer-69ea57fc3dc52\"><\/div>\n\n\n\t<div class=\"tm-list  style-icon tm-animation move-up\" id=\"tm-list-69ea57fc3dd7f\">\n\t\t\t\t\t<div class=\"list-item\">\n\n\t\t\t\t<div class=\"list-header\">\n\t\t\t\t\t<div class=\"marker\">\n\n\t\t\t\t\t\t\t\t\t\t\t\t\t<i class=\"tm-list__icon flaticon-075-cardiogram-1 link-icon\"><\/i>\n\t\t\t\t\t\t\n\t\t\t\t\t<\/div>\n\n\t\t\t\t\t<div class=\"title-wrap\">\n\t\t\t\t\t\t\t\t\t\t\t\t\t<h6 class=\"title\">\n\t\t\t\t\t\t\t\t\t\t\t\t\t\t\t\t\tEducation &amp; Awareness\n\t\t\t\t\t\t\t\t\t\n\t\t\t\t\t\t\t\t\t\t\t\t\t\t\t\t<\/h6>\n\t\t\t\t\t\t\n\t\t\t\t\t\t\t\t\t\t\t\t\t\t\t\t\t\t\t\t\t<div class=\"desc\">\n\t\t\t\t\t\t\t\t\tWe want to educate and raise awareness among the immigrant population in general and Cameroonians in particular about existing health care and the importance of prescribed and recommended health measures in order to facilitate their access to health services and reduce social inequalities in health.\t\t\t\t\t\t\t\t<\/div>\n\t\t\t\t\t\t\t\t\t\t\t\t\t\t\t\t\t\t<\/div>\n\t\t\t\t<\/div>\n\n\t\t\t\t\n\t\t\t<\/div>\n\t\t\t\t\t<div class=\"list-item\">\n\n\t\t\t\t<div class=\"list-header\">\n\t\t\t\t\t<div class=\"marker\">\n\n\t\t\t\t\t\t\t\t\t\t\t\t\t<i class=\"tm-list__icon flaticon-132-medicine-book link-icon\"><\/i>\n\t\t\t\t\t\t\n\t\t\t\t\t<\/div>\n\n\t\t\t\t\t<div class=\"title-wrap\">\n\t\t\t\t\t\t\t\t\t\t\t\t\t<h6 class=\"title\">\n\t\t\t\t\t\t\t\t\t\t\t\t\t\t\t\t\tFocus on Diversity\n\t\t\t\t\t\t\t\t\t\n\t\t\t\t\t\t\t\t\t\t\t\t\t\t\t\t<\/h6>\n\t\t\t\t\t\t\n\t\t\t\t\t\t\t\t\t\t\t\t\t\t\t\t\t\t\t\t\t<div class=\"desc\">\n\t\t\t\t\t\t\t\t\tWe want to promote academic excellence in the health sector among people of immigrant background in Canada and increase their representation in the medical profession.\t\t\t\t\t\t\t\t<\/div>\n\t\t\t\t\t\t\t\t\t\t\t\t\t\t\t\t\t\t<\/div>\n\t\t\t\t<\/div>\n\n\t\t\t\t\n\t\t\t<\/div>\n\t\t\t\t\t<div class=\"list-item\">\n\n\t\t\t\t<div class=\"list-header\">\n\t\t\t\t\t<div class=\"marker\">\n\n\t\t\t\t\t\t\t\t\t\t\t\t\t<i class=\"tm-list__icon flaticon-104-blood-sample link-icon\"><\/i>\n\t\t\t\t\t\t\n\t\t\t\t\t<\/div>\n\n\t\t\t\t\t<div class=\"title-wrap\">\n\t\t\t\t\t\t\t\t\t\t\t\t\t<h6 class=\"title\">\n\t\t\t\t\t\t\t\t\t\t\t\t\t\t\t\t\tDevelopment\n\t\t\t\t\t\t\t\t\t\n\t\t\t\t\t\t\t\t\t\t\t\t\t\t\t\t<\/h6>\n\t\t\t\t\t\t\n\t\t\t\t\t\t\t\t\t\t\t\t\t\t\t\t\t\t\t\t\t<div class=\"desc\">\n\t\t\t\t\t\t\t\t\tWe want to encourage scientific and health development in Canada and Africa.\t\t\t\t\t\t\t\t<\/div>\n\t\t\t\t\t\t\t\t\t\t\t\t\t\t\t\t\t\t<\/div>\n\t\t\t\t<\/div>\n\n\t\t\t\t\n\t\t\t<\/div>\n\t\t\t<\/div>\n\n\t<\/div><\/div><\/div><\/div><div id=\"tm-row-69ea57fc3e340\" class=\"vc_row vc_row-outer vc_row-fluid\"><div id=\"tm-column-69ea57fc3e631\" class=\"wpb_column vc_column_container vc_col-sm-12\"><div class=\"vc_column-inner\"><div class=\"wpb_wrapper\"><div class=\"tm-spacer\" id=\"tm-spacer-69ea57fc3e809\"><\/div>\n\n<div class=\"tm-heading  center tm-animation move-up\" id=\"tm-heading-69ea57fc3e966\">\n\t<h3 class=\"heading\" >What We Do ?<\/h3><\/div>\n\n<div class=\"tm-spacer\" id=\"tm-spacer-69ea57fc3ec08\"><\/div>\n\n<div class=\"tm-heading  left tm-animation move-up\" id=\"tm-heading-69ea57fc3ed27\">\n\t<div class=\"heading\" >We organize different activities in order to reach all our objectives. Here are some of them :<\/div><\/div>\n\n<div class=\"tm-spacer\" id=\"tm-spacer-69ea57fc3efa3\"><\/div>\n<div class=\"tm-accordion  style-3 tm-animation move-up\" id=\"tm-accordion-69ea57fc3f066\"\n\t>\n\t\n\t\t<div class=\"accordion-section active\">\n\t\t\t\t\t\t\t<div class=\"accordion-title-wrapper\">\n\t\t\t\t\t<h6 class=\"accordion-title\">\n\t\t\t\t\t\t<span class=\"title-prefix\">01.<\/span>\n\t\t\t\t\t\tEducational Activities\t\t\t\t\t\t<span class=\"accordion-icon\"><\/span>\n\t\t\t\t\t<\/h6>\n\t\t\t\t<\/div>\n\t\t\t\n\n\t\t\t<div class=\"accordion-content\">\n\t\t\t\t\t\t\t\t\tWe host annual conferences and\/or symposiums, conferences on various health-related topics, seminars and educational workshops, whether online or in person.\t\t\t\t\t\t\t<\/div>\n\t\t<\/div>\n\t\t\n\t\t<div class=\"accordion-section\">\n\t\t\t\t\t\t\t<div class=\"accordion-title-wrapper\">\n\t\t\t\t\t<h6 class=\"accordion-title\">\n\t\t\t\t\t\t<span class=\"title-prefix\">02.<\/span>\n\t\t\t\t\t\tSupport Programs For Locals\t\t\t\t\t\t<span class=\"accordion-icon\"><\/span>\n\t\t\t\t\t<\/h6>\n\t\t\t\t<\/div>\n\t\t\t\n\n\t\t\t<div class=\"accordion-content\">\n\t\t\t\t\t\t\t\t\tWe offer a variety of support programs for aspiring physicians in Canada: mentorships, support programs during medical school in Canada and other similar activities.\u2009\t\t\t\t\t\t\t<\/div>\n\t\t<\/div>\n\t\t\n\t\t<div class=\"accordion-section\">\n\t\t\t\t\t\t\t<div class=\"accordion-title-wrapper\">\n\t\t\t\t\t<h6 class=\"accordion-title\">\n\t\t\t\t\t\t<span class=\"title-prefix\">03.<\/span>\n\t\t\t\t\t\tMentorship Programs For Internationals\t\t\t\t\t\t<span class=\"accordion-icon\"><\/span>\n\t\t\t\t\t<\/h6>\n\t\t\t\t<\/div>\n\t\t\t\n\n\t\t\t<div class=\"accordion-content\">\n\t\t\t\t\t\t\t\t\tWe also offer several mentorship programs for international physicians, students and international medical graduates who wish to enter the Canadian health care system.\t\t\t\t\t\t\t<\/div>\n\t\t<\/div>\n\t\t\n\t\t<div class=\"accordion-section\">\n\t\t\t\t\t\t\t<div class=\"accordion-title-wrapper\">\n\t\t\t\t\t<h6 class=\"accordion-title\">\n\t\t\t\t\t\t<span class=\"title-prefix\">04.<\/span>\n\t\t\t\t\t\tDonations\t\t\t\t\t\t<span class=\"accordion-icon\"><\/span>\n\t\t\t\t\t<\/h6>\n\t\t\t\t<\/div>\n\t\t\t\n\n\t\t\t<div class=\"accordion-content\">\n\t\t\t\t\t\t\t\t\tWe donate to programs, organizations and projects that promote and encourage health among Canadians.\t\t\t\t\t\t\t<\/div>\n\t\t<\/div>\n\t\t\n\t\t<div class=\"accordion-section\">\n\t\t\t\t\t\t\t<div class=\"accordion-title-wrapper\">\n\t\t\t\t\t<h6 class=\"accordion-title\">\n\t\t\t\t\t\t<span class=\"title-prefix\">05.<\/span>\n\t\t\t\t\t\tRecognizing Excellence\t\t\t\t\t\t<span class=\"accordion-icon\"><\/span>\n\t\t\t\t\t<\/h6>\n\t\t\t\t<\/div>\n\t\t\t\n\n\t\t\t<div class=\"accordion-content\">\n\t\t\t\t\t\t\t\t\tWe give scholarships, awards and distinctions to individuals in Canada and Africa who have distinguished themselves in their studies or in their discipline.\t\t\t\t\t\t\t<\/div>\n\t\t<\/div>\n\t\t<\/div>\n<div class=\"tm-spacer\" id=\"tm-spacer-69ea57fc3f17f\"><\/div>\n<\/div><\/div><\/div><\/div>\n<\/div>","protected":false},"excerpt":{"rendered":"Qui Sommes-Nous ? L'Association des M\u00e9decins Camerounais du Canada est un groupe de m\u00e9decins camerounais exer\u00e7ant au Canada. \u00c9ducation &amp; Sensibilisation Nous voulons \u00e9duquer et sensibiliser la population immigrante en g\u00e9n\u00e9ral et camerounaise en particulier sur les soins de sant\u00e9 existant, l\u2019importance des mesures de sant\u00e9 prescrites et recommand\u00e9es, afin de faciliter leur acc\u00e8s aux services de sant\u00e9 et de r\u00e9duire les in\u00e9galit\u00e9s sociales en mati\u00e8re de sant\u00e9. Accent sur la Diversit\u00e9 Nous voulons promouvoir l&#039;excellence acad\u00e9mique dans le domaine de la sant\u00e9 au sein des personnes issues de l\u2019immigration au Canada et augmenter leur repr\u00e9sentativit\u00e9 au sein de la profession m\u00e9dicale. D\u00e9veloppement Nous voulons favoriser le d\u00e9veloppement scientifique et de la sant\u00e9 au Canada et en Afrique. Que Faisons-Nous ? Nous organisons diff\u00e9rentes activit\u00e9s afin d'atteindre tous nos objectifs. En voici quelques-unes : 01. Activit\u00e9s \u00c9ducatives Nous organisons des conf\u00e9rences et\/ou colloques annuels, des conf\u00e9rences sur divers sujets en lien avec la sant\u00e9, des s\u00e9minaires et des ateliers \u00e9ducatifs, en ligne ou en personne. 02. Programmes De Soutien Pour Les Locaux Nous offrons une vari\u00e9t\u00e9 de programmes de soutien aux aspirants m\u00e9decins du Canada : mentorats, programmes de soutien pendant les \u00e9tudes de m\u00e9decine au Canada et autres activit\u00e9s similaires.\u2009 03. Programmes De Mentorat Pour Les Internationaux Nous proposons \u00e9galement plusieurs programmes de mentorat pour les m\u00e9decins, les \u00e9tudiants et les dipl\u00f4m\u00e9s internationaux en m\u00e9decine qui souhaitent int\u00e9grer le syst\u00e8me de sant\u00e9 canadien. 04. Dons Nous faisons des dons \u00e0 des programmes, des organisations et des projets qui favorisent et encouragent la sant\u00e9 des Canadiens. 05. Reconnaissance De l&#039;Excellence Nous accordons des bourses, des prix et des distinctions \u00e0 des personnes au Canada et en Afrique qui se sont distingu\u00e9es dans leurs \u00e9tudes ou dans leur discipline.","protected":false},"author":5,"featured_media":0,"parent":0,"menu_order":0,"comment_status":"closed","ping_status":"closed","template":"","meta":{"give_campaign_id":0,"nf_dc_page":"","_price":"","_stock":"","_tribe_ticket_header":"","_tribe_default_ticket_provider":"","_tribe_ticket_capacity":"0","_ticket_start_date":"","_ticket_end_date":"","_tribe_ticket_show_description":"","_tribe_ticket_show_not_going":false,"_tribe_ticket_use_global_stock":"","_tribe_ticket_global_stock_level":"","_global_stock_mode":"","_global_stock_cap":"","_tribe_rsvp_for_event":"","_tribe_ticket_going_count":"","_tribe_ticket_not_going_count":"","_tribe_tickets_list":"[]","_tribe_ticket_has_attendee_info_fields":false,"footnotes":"","_tec_slr_enabled":"","_tec_slr_layout":""},"class_list":["post-519","page","type-page","status-publish","hentry"],"campaignId":"","ticketed":false,"_links":{"self":[{"href":"https:\/\/amccmed.ca\/en\/wp-json\/wp\/v2\/pages\/519","targetHints":{"allow":["GET"]}}],"collection":[{"href":"https:\/\/amccmed.ca\/en\/wp-json\/wp\/v2\/pages"}],"about":[{"href":"https:\/\/amccmed.ca\/en\/wp-json\/wp\/v2\/types\/page"}],"author":[{"embeddable":true,"href":"https:\/\/amccmed.ca\/en\/wp-json\/wp\/v2\/users\/5"}],"replies":[{"embeddable":true,"href":"https:\/\/amccmed.ca\/en\/wp-json\/wp\/v2\/comments?post=519"}],"version-history":[{"count":5,"href":"https:\/\/amccmed.ca\/en\/wp-json\/wp\/v2\/pages\/519\/revisions"}],"predecessor-version":[{"id":3210,"href":"https:\/\/amccmed.ca\/en\/wp-json\/wp\/v2\/pages\/519\/revisions\/3210"}],"wp:attachment":[{"href":"https:\/\/amccmed.ca\/en\/wp-json\/wp\/v2\/media?parent=519"}],"curies":[{"name":"wp","href":"https:\/\/api.w.org\/{rel}","templated":true}]}}