{"id":521,"date":"2018-10-17T06:23:23","date_gmt":"2018-10-17T06:23:23","guid":{"rendered":"https:\/\/amccmed.ca\/?page_id=521"},"modified":"2022-07-17T14:37:07","modified_gmt":"2022-07-17T18:37:07","slug":"devenir-membre","status":"publish","type":"page","link":"https:\/\/amccmed.ca\/en\/devenir-membre\/","title":{"rendered":"Become a Member"},"content":{"rendered":"<div class=\"wpb-content-wrapper\"><div id=\"tm-row-69ea42aaccbbb\" data-vc-full-width=\"true\" data-vc-full-width-init=\"false\" class=\"vc_row vc_row-outer vc_row-fluid vc_row-o-content-middle vc_row-flex\"><div id=\"tm-column-69ea42aaccfd6\" class=\"wpb_column vc_column_container vc_col-sm-8\"><div class=\"vc_column-inner\"><div class=\"wpb_wrapper\">\n<div class=\"tm-heading modern-icon left tm-animation move-up\" id=\"tm-heading-69ea42aacd235\">\n\t<h3 class=\"heading\" >Free membership for students registered in a medical school in Canada!<\/h3><\/div>\n\n<\/div><\/div><\/div><div id=\"tm-column-69ea42aacd4dc\" class=\"wpb_column vc_column_container vc_col-sm-4\"><div class=\"vc_column-inner\"><div class=\"wpb_wrapper\"><div class=\"tm-button-wrapper  tm-animation move-up\" id=\"tm-button-69ea42aacd6ae\">\n\t\t<a class=\"tm-button style-flat tm-button-nm tm-button-custom tm-button-\" href=\"https:\/\/amccmed.ca\/en\/memberships\/membres-etudiants\/\"\n\t\t\t>\n\n\t\t\n\t\t\t\t\t\t<span class=\"button-text\" data-text=\"S&#039;abonner\">\n\t\t\t\tGet Started\t\t\t<\/span>\n\t\t\t\n\t\t\n\n\t<\/a>\n<\/div>\n<\/div><\/div><\/div><\/div><div class=\"vc_row-full-width vc_clearfix\"><\/div><div data-src=\"https:\/\/amccmed.ca\/wp-content\/uploads\/2018\/11\/h1-blog-bg.png\" id=\"tm-row-69ea42aacddec\" data-vc-full-width=\"true\" data-vc-full-width-init=\"false\" class=\"vc_row vc_row-outer vc_row-fluid tm-lazy-load\"><div id=\"tm-column-69ea42aace0d2\" class=\"wpb_column vc_column_container vc_col-sm-12\"><div class=\"vc_column-inner\"><div class=\"wpb_wrapper\"><div id=\"tm-row-inner-69ea42aace348\" class=\"vc_row vc_inner vc_row-fluid\"><div id=\"tm-column-inner-69ea42aace572\" class=\"wpb_column vc_column_container vc_col-sm-12 vc_col-md-offset-2 vc_col-md-8\"><div class=\"vc_column-inner\"><div class=\"wpb_wrapper\">\n<div class=\"tm-heading  center tm-animation move-up\" id=\"tm-heading-69ea42aace769\">\n\t<h3 class=\"heading\" >PRICING &amp; PLANS<\/h3><\/div>\n\n<div class=\"tm-spacer\" id=\"tm-spacer-69ea42aace975\"><\/div>\n\n<div class=\"tm-heading  center tm-animation move-up\" id=\"tm-heading-69ea42aacea87\">\n\t<h3 class=\"heading\" >A yearly fee!<\/h3><\/div>\n\n<div class=\"tm-spacer\" id=\"tm-spacer-69ea42aacec77\"><\/div>\n<\/div><\/div><\/div><\/div><div class=\"tm-pricing-group\" id=\"tm-pricing-group-69ea42aacecfd\">\n\t<div class=\"pricing-wrap\">\n\t\t\n<div class=\"tm-pricing  style-1 tm-animation move-up\" id=\"tm-pricing-69ea42aacee58\">\n\t<div class=\"inner\">\n\n\t\t\t\t\t<h5 class=\"title\">Active Members<\/h5>\n\t\t\t<div class=\"pricing-content-wrap\">\n\t\t\t\t<div class=\"tm-pricing-header\">\n\n\t\t\t\t\t\n\t\t\t\t\t\n\t\t\t\t\t\t<div class=\"price-wrap\">\n\t\t\t\t\t\t\t<div class=\"price-wrap-inner\">\n\t\t\t\t\t\t\t\t<h6 class=\"price\">\n\t\t\t\t\t\t\t\t\t<span class=\"currency\">$<\/span>\n\t\t\t\t\t\t\t\t\t200.00\t\t\t\t\t\t\t\t<\/h6>\n\n\t\t\t\t\t\t\t\t\t\t\t\t\t\t\t\t\t<h6 class=\"period\">per year<\/h6>\n\t\t\t\t\t\t\t\t\t\t\t\t\t\t\t<\/div>\n\t\t\t\t\t\t<\/div>\n\n\t\t\t\t\t\n\t\t\t\t\t\t\t\t\t\t\t<div class=\"description\">\n\t\t\t\t\t\t\tPhysicians in good standing with the Royal College of Physicians of Canada.\t\t\t\t\t\t<\/div>\n\t\t\t\t\t\t\t\t\t<\/div>\n\t\t\t\t<div class=\"tm-pricing-content\">\n\t\t\t\t\t\t\t\t\t\t\t<ul class=\"tm-pricing-list\">\n\t\t\t\t\t\t\t\t\t\t\t\t\t\t\t<li>\n\t\t\t\t\t\t\t\t\t\t\t\t\t\t\t\t\t\t\t<i class=\"feature-icon ion-checkmark-round\"><\/i>\n\t\t\t\t\t\t\t\t\t\t\t\t\t\t\t\t\t\t\t\t\t\t\t\t\t\t\t\t<span class=\"feature-text\">Right to vote<\/span>\t\t\t\t\t\t\t\t\t\t\t\t\t\t\t\t\t<\/li>\n\t\t\t\t\t\t\t\t\t\t\t\t\t\t\t\t<li>\n\t\t\t\t\t\t\t\t\t\t\t\t\t\t\t\t\t\t\t<i class=\"feature-icon ion-checkmark-round\"><\/i>\n\t\t\t\t\t\t\t\t\t\t\t\t\t\t\t\t\t\t\t\t\t\t\t\t\t\t\t\t<span class=\"feature-text\">Exclusive right to nominate members of the board of directors<\/span>\t\t\t\t\t\t\t\t\t\t\t\t\t\t\t\t\t<\/li>\n\t\t\t\t\t\t\t\t\t\t\t\t\t\t\t\t<li>\n\t\t\t\t\t\t\t\t\t\t\t\t\t\t\t\t\t\t\t<i class=\"feature-icon ion-checkmark-round\"><\/i>\n\t\t\t\t\t\t\t\t\t\t\t\t\t\t\t\t\t\t\t\t\t\t\t\t\t\t\t\t<span class=\"feature-text\">Preferential rates or free admission for participation in activities organized by the association, in addition to other privileges<\/span>\t\t\t\t\t\t\t\t\t\t\t\t\t\t\t\t\t<\/li>\n\t\t\t\t\t\t\t\t\t\t\t\t\t\t<\/ul>\n\t\t\t\t\t\t\t\t\t<\/div>\n\t\t\t\t\t\t\t\t\t<div class=\"tm-pricing-footer\">\n\t\t\t\t\t\t<a href=\"https:\/\/amccmed.ca\/en\/memberships\/membres-actifs\/\"   class=\"tm-button smooth-scroll-link tm-pricing-button style-flat tm-button-grey\">Get Started<\/a>\t\t\t\t\t<\/div>\n\t\t\t\t\t\t\t<\/div>\n\t\t\t<\/div>\n<\/div>\n\n<div class=\"tm-pricing  style-1 tm-animation move-up\" id=\"tm-pricing-69ea42aacef5c\">\n\t<div class=\"inner\">\n\n\t\t\t\t\t<h5 class=\"title\">Resident Members<\/h5>\n\t\t\t<div class=\"pricing-content-wrap\">\n\t\t\t\t<div class=\"tm-pricing-header\">\n\n\t\t\t\t\t\n\t\t\t\t\t\n\t\t\t\t\t\t<div class=\"price-wrap\">\n\t\t\t\t\t\t\t<div class=\"price-wrap-inner\">\n\t\t\t\t\t\t\t\t<h6 class=\"price\">\n\t\t\t\t\t\t\t\t\t<span class=\"currency\">$<\/span>\n\t\t\t\t\t\t\t\t\t100.00\t\t\t\t\t\t\t\t<\/h6>\n\n\t\t\t\t\t\t\t\t\t\t\t\t\t\t\t\t\t<h6 class=\"period\">per year<\/h6>\n\t\t\t\t\t\t\t\t\t\t\t\t\t\t\t<\/div>\n\t\t\t\t\t\t<\/div>\n\n\t\t\t\t\t\n\t\t\t\t\t\t\t\t\t\t\t<div class=\"description\">\n\t\t\t\t\t\t\tMedical residents registered with the Federation of Resident Physicians of their province.\t\t\t\t\t\t<\/div>\n\t\t\t\t\t\t\t\t\t<\/div>\n\t\t\t\t<div class=\"tm-pricing-content\">\n\t\t\t\t\t\t\t\t\t\t\t<ul class=\"tm-pricing-list\">\n\t\t\t\t\t\t\t\t\t\t\t\t\t\t\t<li>\n\t\t\t\t\t\t\t\t\t\t\t\t\t\t\t\t\t\t\t<i class=\"feature-icon ion-checkmark-round\"><\/i>\n\t\t\t\t\t\t\t\t\t\t\t\t\t\t\t\t\t\t\t\t\t\t\t\t\t\t\t\t<span class=\"feature-text\">Right to vote<\/span>\t\t\t\t\t\t\t\t\t\t\t\t\t\t\t\t\t<\/li>\n\t\t\t\t\t\t\t\t\t\t\t\t\t\t\t\t<li>\n\t\t\t\t\t\t\t\t\t\t\t\t\t\t\t\t\t\t\t<i class=\"feature-icon ion-checkmark-round\"><\/i>\n\t\t\t\t\t\t\t\t\t\t\t\t\t\t\t\t\t\t\t\t\t\t\t\t\t\t\t\t<span class=\"feature-text\">Preferential rates or free admission for participation in activities organized by the association, in addition to other privileges<\/span>\t\t\t\t\t\t\t\t\t\t\t\t\t\t\t\t\t<\/li>\n\t\t\t\t\t\t\t\t\t\t\t\t\t\t<\/ul>\n\t\t\t\t\t\t\t\t\t<\/div>\n\t\t\t\t\t\t\t\t\t<div class=\"tm-pricing-footer\">\n\t\t\t\t\t\t<a href=\"https:\/\/amccmed.ca\/en\/memberships\/membres-residents\/\"   class=\"tm-button smooth-scroll-link tm-pricing-button style-flat tm-button-grey\">Get Started<\/a>\t\t\t\t\t<\/div>\n\t\t\t\t\t\t\t<\/div>\n\t\t\t<\/div>\n<\/div>\n\n<div class=\"tm-pricing  style-1 tm-animation move-up\" id=\"tm-pricing-69ea42aacf021\">\n\t<div class=\"inner\">\n\n\t\t\t\t\t<h5 class=\"title\">Retired Members<\/h5>\n\t\t\t<div class=\"pricing-content-wrap\">\n\t\t\t\t<div class=\"tm-pricing-header\">\n\n\t\t\t\t\t\n\t\t\t\t\t\n\t\t\t\t\t\t<div class=\"price-wrap\">\n\t\t\t\t\t\t\t<div class=\"price-wrap-inner\">\n\t\t\t\t\t\t\t\t<h6 class=\"price\">\n\t\t\t\t\t\t\t\t\t<span class=\"currency\">$<\/span>\n\t\t\t\t\t\t\t\t\t100.00\t\t\t\t\t\t\t\t<\/h6>\n\n\t\t\t\t\t\t\t\t\t\t\t\t\t\t\t\t\t<h6 class=\"period\">per year<\/h6>\n\t\t\t\t\t\t\t\t\t\t\t\t\t\t\t<\/div>\n\t\t\t\t\t\t<\/div>\n\n\t\t\t\t\t\n\t\t\t\t\t\t\t\t\t\t\t<div class=\"description\">\n\t\t\t\t\t\t\tPhysicians formerly registered with the Royal College College of Physicians of Canada.\t\t\t\t\t\t<\/div>\n\t\t\t\t\t\t\t\t\t<\/div>\n\t\t\t\t<div class=\"tm-pricing-content\">\n\t\t\t\t\t\t\t\t\t\t\t<ul class=\"tm-pricing-list\">\n\t\t\t\t\t\t\t\t\t\t\t\t\t\t\t<li>\n\t\t\t\t\t\t\t\t\t\t\t\t\t\t\t\t\t\t\t<i class=\"feature-icon ion-checkmark-round\"><\/i>\n\t\t\t\t\t\t\t\t\t\t\t\t\t\t\t\t\t\t\t\t\t\t\t\t\t\t\t\t<span class=\"feature-text\">Right to vote<\/span>\t\t\t\t\t\t\t\t\t\t\t\t\t\t\t\t\t<\/li>\n\t\t\t\t\t\t\t\t\t\t\t\t\t\t\t\t<li>\n\t\t\t\t\t\t\t\t\t\t\t\t\t\t\t\t\t\t\t<i class=\"feature-icon ion-checkmark-round\"><\/i>\n\t\t\t\t\t\t\t\t\t\t\t\t\t\t\t\t\t\t\t\t\t\t\t\t\t\t\t\t<span class=\"feature-text\">Preferential rates or free admission for participation in activities organized by the association, in addition to other privileges<\/span>\t\t\t\t\t\t\t\t\t\t\t\t\t\t\t\t\t<\/li>\n\t\t\t\t\t\t\t\t\t\t\t\t\t\t<\/ul>\n\t\t\t\t\t\t\t\t\t<\/div>\n\t\t\t\t\t\t\t\t\t<div class=\"tm-pricing-footer\">\n\t\t\t\t\t\t<a href=\"https:\/\/amccmed.ca\/en\/memberships\/membres-retraites\/\"   class=\"tm-button smooth-scroll-link tm-pricing-button style-flat tm-button-grey\">Get Started<\/a>\t\t\t\t\t<\/div>\n\t\t\t\t\t\t\t<\/div>\n\t\t\t<\/div>\n<\/div>\n\n<div class=\"tm-pricing  style-1 tm-animation move-up\" id=\"tm-pricing-69ea42aacf0f2\">\n\t<div class=\"inner\">\n\n\t\t\t\t\t<h5 class=\"title\">Affiliate Members<\/h5>\n\t\t\t<div class=\"pricing-content-wrap\">\n\t\t\t\t<div class=\"tm-pricing-header\">\n\n\t\t\t\t\t\n\t\t\t\t\t\n\t\t\t\t\t\t<div class=\"price-wrap\">\n\t\t\t\t\t\t\t<div class=\"price-wrap-inner\">\n\t\t\t\t\t\t\t\t<h6 class=\"price\">\n\t\t\t\t\t\t\t\t\t<span class=\"currency\">$<\/span>\n\t\t\t\t\t\t\t\t\t50.00\t\t\t\t\t\t\t\t<\/h6>\n\n\t\t\t\t\t\t\t\t\t\t\t\t\t\t\t\t\t<h6 class=\"period\">per year<\/h6>\n\t\t\t\t\t\t\t\t\t\t\t\t\t\t\t<\/div>\n\t\t\t\t\t\t<\/div>\n\n\t\t\t\t\t\n\t\t\t\t\t\t\t\t\t\t\t<div class=\"description\">\n\t\t\t\t\t\t\tProfessionnels \u0153uvrant dans un autre secteur d'activit\u00e9 que celui de la m\u00e9decine.\t\t\t\t\t\t<\/div>\n\t\t\t\t\t\t\t\t\t<\/div>\n\t\t\t\t<div class=\"tm-pricing-content\">\n\t\t\t\t\t\t\t\t\t\t\t<ul class=\"tm-pricing-list\">\n\t\t\t\t\t\t\t\t\t\t\t\t\t\t\t<li>\n\t\t\t\t\t\t\t\t\t\t\t\t\t\t\t\t\t\t\t<i class=\"feature-icon ion-checkmark-round\"><\/i>\n\t\t\t\t\t\t\t\t\t\t\t\t\t\t\t\t\t\t\t\t\t\t\t\t\t\t\t\t<span class=\"feature-text\">Preferential rates or free admission for participation in activities organized by the association, in addition to other privileges<\/span>\t\t\t\t\t\t\t\t\t\t\t\t\t\t\t\t\t<\/li>\n\t\t\t\t\t\t\t\t\t\t\t\t\t\t<\/ul>\n\t\t\t\t\t\t\t\t\t<\/div>\n\t\t\t\t\t\t\t\t\t<div class=\"tm-pricing-footer\">\n\t\t\t\t\t\t<a href=\"https:\/\/amccmed.ca\/en\/memberships\/membres-affilies\/\"   class=\"tm-button smooth-scroll-link tm-pricing-button style-flat tm-button-grey\">Get Started<\/a>\t\t\t\t\t<\/div>\n\t\t\t\t\t\t\t<\/div>\n\t\t\t<\/div>\n<\/div>\n\t<\/div>\n<\/div>\n<\/div><\/div><\/div><\/div><div class=\"vc_row-full-width vc_clearfix\"><\/div>\n<\/div>","protected":false},"excerpt":{"rendered":"Adh\u00e9sion gratuite pour les \u00e9tudiants inscrits dans une \u00e9cole de m\u00e9decine au Canada! S&#039;abonner TARIFS &amp; PLANS Une cotisation annuelle! Membres Actifs $ 200.00 par ann\u00e9e M\u00e9decins autonomes en r\u00e8gle avec le Coll\u00e8ge Royal des M\u00e9decins du Canada. Droit de vote Droit exclusif de nommer les membres du conseil d&#039;administration Tarifs pr\u00e9f\u00e9rentiels ou entr\u00e9e gratuite pour la participation aux activit\u00e9s organis\u00e9es par l\u2019association, en plus d&#039;autres privil\u00e8ges S'abonner Membres R\u00e9sidents $ 100.00 par ann\u00e9e R\u00e9sidents en m\u00e9decine inscrits \u00e0 la F\u00e9d\u00e9ration des M\u00e9decins R\u00e9sidents de leur province. Droit de vote Tarifs pr\u00e9f\u00e9rentiels ou entr\u00e9e gratuite pour la participation aux activit\u00e9s organis\u00e9es par l\u2019association, en plus d&#039;autres privil\u00e8ges S'abonner Membres Retrait\u00e9s $ 100.00 par ann\u00e9e M\u00e9decins anciennement inscrits au Coll\u00e8ge Royal des M\u00e9decins du Canada. Droit de vote Tarifs pr\u00e9f\u00e9rentiels ou entr\u00e9e gratuite pour la participation aux activit\u00e9s organis\u00e9es par l\u2019association, en plus d&#039;autres privil\u00e8ges S'abonner Membres Affili\u00e9s $ 50.00 par ann\u00e9e Professionnels \u0153uvrant dans un autre secteur d'activit\u00e9 que celui de la m\u00e9decine. Tarifs pr\u00e9f\u00e9rentiels ou entr\u00e9e gratuite pour la participation aux activit\u00e9s organis\u00e9es par l\u2019association, en plus d&#039;autres privil\u00e8ges S'abonner","protected":false},"author":5,"featured_media":0,"parent":0,"menu_order":0,"comment_status":"closed","ping_status":"closed","template":"","meta":{"give_campaign_id":0,"nf_dc_page":"","_price":"","_stock":"","_tribe_ticket_header":"","_tribe_default_ticket_provider":"","_tribe_ticket_capacity":"0","_ticket_start_date":"","_ticket_end_date":"","_tribe_ticket_show_description":"","_tribe_ticket_show_not_going":false,"_tribe_ticket_use_global_stock":"","_tribe_ticket_global_stock_level":"","_global_stock_mode":"","_global_stock_cap":"","_tribe_rsvp_for_event":"","_tribe_ticket_going_count":"","_tribe_ticket_not_going_count":"","_tribe_tickets_list":"[]","_tribe_ticket_has_attendee_info_fields":false,"footnotes":"","_tec_slr_enabled":"","_tec_slr_layout":""},"class_list":["post-521","page","type-page","status-publish","hentry"],"campaignId":"","ticketed":false,"_links":{"self":[{"href":"https:\/\/amccmed.ca\/en\/wp-json\/wp\/v2\/pages\/521","targetHints":{"allow":["GET"]}}],"collection":[{"href":"https:\/\/amccmed.ca\/en\/wp-json\/wp\/v2\/pages"}],"about":[{"href":"https:\/\/amccmed.ca\/en\/wp-json\/wp\/v2\/types\/page"}],"author":[{"embeddable":true,"href":"https:\/\/amccmed.ca\/en\/wp-json\/wp\/v2\/users\/5"}],"replies":[{"embeddable":true,"href":"https:\/\/amccmed.ca\/en\/wp-json\/wp\/v2\/comments?post=521"}],"version-history":[{"count":6,"href":"https:\/\/amccmed.ca\/en\/wp-json\/wp\/v2\/pages\/521\/revisions"}],"predecessor-version":[{"id":3328,"href":"https:\/\/amccmed.ca\/en\/wp-json\/wp\/v2\/pages\/521\/revisions\/3328"}],"wp:attachment":[{"href":"https:\/\/amccmed.ca\/en\/wp-json\/wp\/v2\/media?parent=521"}],"curies":[{"name":"wp","href":"https:\/\/api.w.org\/{rel}","templated":true}]}}