{"id":523,"date":"2018-10-17T06:23:43","date_gmt":"2018-10-17T06:23:43","guid":{"rendered":"https:\/\/amccmed.ca\/?page_id=523"},"modified":"2022-08-15T18:58:30","modified_gmt":"2022-08-15T22:58:30","slug":"faq","status":"publish","type":"page","link":"https:\/\/amccmed.ca\/en\/faq\/","title":{"rendered":"F.A.Q"},"content":{"rendered":"<div class=\"wpb-content-wrapper\"><div id=\"tm-row-69ea57ec7466a\" data-vc-full-width=\"true\" data-vc-full-width-init=\"false\" class=\"vc_row vc_row-outer vc_row-fluid\"><div id=\"tm-column-69ea57ec74ada\" class=\"wpb_column vc_column_container vc_col-sm-12\"><div class=\"vc_column-inner\"><div class=\"wpb_wrapper\"><div id=\"tm-row-inner-69ea57ec74d73\" class=\"vc_row vc_inner vc_row-fluid\"><div id=\"tm-column-inner-69ea57ec74fb5\" class=\"wpb_column vc_column_container vc_col-sm-12 vc_col-md-offset-2 vc_col-md-8\"><div class=\"vc_column-inner\"><div class=\"wpb_wrapper\"><div class=\"tm-icon  style-02 tm-animation move-up\" id=\"tm-icon-69ea57ec7593d\">\n\t<div class=\"icon\">\n\t\t<span class=\"icomoon-chat-1\"><\/span>\n\t<\/div>\n<\/div>\n<div class=\"tm-spacer\" id=\"tm-spacer-69ea57ec75aba\"><\/div>\n\n<div class=\"tm-heading  center tm-animation move-up\" id=\"tm-heading-69ea57ec75bd9\">\n\t<h3 class=\"heading\" >Frequent Asked Questions<\/h3><\/div>\n\n<div class=\"tm-spacer\" id=\"tm-spacer-69ea57ec75da7\"><\/div>\n\n<div class=\"tm-heading  center tm-animation move-up\" id=\"tm-heading-69ea57ec75e5c\">\n\t<div class=\"heading\" ><\/div><\/div>\n\n<div class=\"tm-spacer\" id=\"tm-spacer-69ea57ec75ffc\"><\/div>\n<\/div><\/div><\/div><\/div><div class=\"tm-accordion  style-3 tm-animation move-up\" id=\"tm-accordion-69ea57ec764fc\"\n\tdata-multi-open=\"1\">\n\t\n\t\t<div class=\"accordion-section active\">\n\t\t\t\t\t\t\t<div class=\"accordion-title-wrapper\">\n\t\t\t\t\t<h6 class=\"accordion-title\">\n\t\t\t\t\t\t<span class=\"title-prefix\">01.<\/span>\n\t\t\t\t\t\tWhy join the AMCC ?\t\t\t\t\t\t<span class=\"accordion-icon\"><\/span>\n\t\t\t\t\t<\/h6>\n\t\t\t\t<\/div>\n\t\t\t\n\n\t\t\t<div class=\"accordion-content\">\n\t\t\t\t\t\t\t\t\tThere are many reasons to join, such as being part of a network of physicians working for the success of other physicians, receiving discounts for most of the activities organized by the CMCA, and contributing to the development of the Black community in terms of health. Note that IMGs fall into the category of affiliate members.\t\t\t\t\t\t\t<\/div>\n\t\t<\/div>\n\t\t\n\t\t<div class=\"accordion-section\">\n\t\t\t\t\t\t\t<div class=\"accordion-title-wrapper\">\n\t\t\t\t\t<h6 class=\"accordion-title\">\n\t\t\t\t\t\t<span class=\"title-prefix\">02.<\/span>\n\t\t\t\t\t\tWho can be a member of the AMCC ?\t\t\t\t\t\t<span class=\"accordion-icon\"><\/span>\n\t\t\t\t\t<\/h6>\n\t\t\t\t<\/div>\n\t\t\t\n\n\t\t\t<div class=\"accordion-content\">\n\t\t\t\t\t\t\t\t\tAnyone interested in his or her goals. Different categories are offered according to your profile.\t\t\t\t\t\t\t<\/div>\n\t\t<\/div>\n\t\t\n\t\t<div class=\"accordion-section\">\n\t\t\t\t\t\t\t<div class=\"accordion-title-wrapper\">\n\t\t\t\t\t<h6 class=\"accordion-title\">\n\t\t\t\t\t\t<span class=\"title-prefix\">03.<\/span>\n\t\t\t\t\t\tDoes the AMCC accept non-physicians ?\t\t\t\t\t\t<span class=\"accordion-icon\"><\/span>\n\t\t\t\t\t<\/h6>\n\t\t\t\t<\/div>\n\t\t\t\n\n\t\t\t<div class=\"accordion-content\">\n\t\t\t\t\t\t\t\t\tAbsolutely. Although the title refers to physicians, the association is open to anyone working in the health care or other field.\t\t\t\t\t\t\t<\/div>\n\t\t<\/div>\n\t\t\n\t\t<div class=\"accordion-section\">\n\t\t\t\t\t\t\t<div class=\"accordion-title-wrapper\">\n\t\t\t\t\t<h6 class=\"accordion-title\">\n\t\t\t\t\t\t<span class=\"title-prefix\">04.<\/span>\n\t\t\t\t\t\tHow to become a member of the AMCC ?\t\t\t\t\t\t<span class=\"accordion-icon\"><\/span>\n\t\t\t\t\t<\/h6>\n\t\t\t\t<\/div>\n\t\t\t\n\n\t\t\t<div class=\"accordion-content\">\n\t\t\t\t\t\t\t\t\tBy clicking <a href=\"https:\/\/amccmed.ca\/en\/devenir-membre\/\"> here<\/a> !\t\t\t\t\t\t\t<\/div>\n\t\t<\/div>\n\t\t\n\t\t<div class=\"accordion-section\">\n\t\t\t\t\t\t\t<div class=\"accordion-title-wrapper\">\n\t\t\t\t\t<h6 class=\"accordion-title\">\n\t\t\t\t\t\t<span class=\"title-prefix\">05.<\/span>\n\t\t\t\t\t\tI am a graduate from outside Canada and the United States (DHCEU), in which category should I register ?\t\t\t\t\t\t<span class=\"accordion-icon\"><\/span>\n\t\t\t\t\t<\/h6>\n\t\t\t\t<\/div>\n\t\t\t\n\n\t\t\t<div class=\"accordion-content\">\n\t\t\t\t\t\t\t\t\tThe affiliate member category. Your category will change as soon as you enter the Canadian health care system as a student, resident or independent physician.\t\t\t\t\t\t\t<\/div>\n\t\t<\/div>\n\t\t\n\t\t<div class=\"accordion-section\">\n\t\t\t\t\t\t\t<div class=\"accordion-title-wrapper\">\n\t\t\t\t\t<h6 class=\"accordion-title\">\n\t\t\t\t\t\t<span class=\"title-prefix\">06.<\/span>\n\t\t\t\t\t\tI am not of Cameroonian origin, can I still be a member of the AMCC ?\t\t\t\t\t\t<span class=\"accordion-icon\"><\/span>\n\t\t\t\t\t<\/h6>\n\t\t\t\t<\/div>\n\t\t\t\n\n\t\t\t<div class=\"accordion-content\">\n\t\t\t\t\t\t\t\t\tAbsolutely, anyone interested in the objectives of the CMCA can be a member.\t\t\t\t\t\t\t<\/div>\n\t\t<\/div>\n\t\t\n\t\t<div class=\"accordion-section\">\n\t\t\t\t\t\t\t<div class=\"accordion-title-wrapper\">\n\t\t\t\t\t<h6 class=\"accordion-title\">\n\t\t\t\t\t\t<span class=\"title-prefix\">07.<\/span>\n\t\t\t\t\t\tHow long has the AMCC been in existence ?\t\t\t\t\t\t<span class=\"accordion-icon\"><\/span>\n\t\t\t\t\t<\/h6>\n\t\t\t\t<\/div>\n\t\t\t\n\n\t\t\t<div class=\"accordion-content\">\n\t\t\t\t\t\t\t\t\tFor more than two years unofficially and officially since December 16, 2021.\t\t\t\t\t\t\t<\/div>\n\t\t<\/div>\n\t\t\n\t\t<div class=\"accordion-section\">\n\t\t\t\t\t\t\t<div class=\"accordion-title-wrapper\">\n\t\t\t\t\t<h6 class=\"accordion-title\">\n\t\t\t\t\t\t<span class=\"title-prefix\">08.<\/span>\n\t\t\t\t\t\tDo I have to be a member to participate in activities ?\t\t\t\t\t\t<span class=\"accordion-icon\"><\/span>\n\t\t\t\t\t<\/h6>\n\t\t\t\t<\/div>\n\t\t\t\n\n\t\t\t<div class=\"accordion-content\">\n\t\t\t\t\t\t\t\t\tNo !\t\t\t\t\t\t\t<\/div>\n\t\t<\/div>\n\t\t\n\t\t<div class=\"accordion-section\">\n\t\t\t\t\t\t\t<div class=\"accordion-title-wrapper\">\n\t\t\t\t\t<h6 class=\"accordion-title\">\n\t\t\t\t\t\t<span class=\"title-prefix\">09.<\/span>\n\t\t\t\t\t\tIs the AMCC a charitable organization ?\t\t\t\t\t\t<span class=\"accordion-icon\"><\/span>\n\t\t\t\t\t<\/h6>\n\t\t\t\t<\/div>\n\t\t\t\n\n\t\t\t<div class=\"accordion-content\">\n\t\t\t\t\t\t\t\t\tNot at the moment but it is his goal to become one.\t\t\t\t\t\t\t<\/div>\n\t\t<\/div>\n\t\t\n\t\t<div class=\"accordion-section\">\n\t\t\t\t\t\t\t<div class=\"accordion-title-wrapper\">\n\t\t\t\t\t<h6 class=\"accordion-title\">\n\t\t\t\t\t\t<span class=\"title-prefix\">10.<\/span>\n\t\t\t\t\t\tDo I have to be a resident of Canada to be a member of the AMCC ?\t\t\t\t\t\t<span class=\"accordion-icon\"><\/span>\n\t\t\t\t\t<\/h6>\n\t\t\t\t<\/div>\n\t\t\t\n\n\t\t\t<div class=\"accordion-content\">\n\t\t\t\t\t\t\t\t\tNot necessarily !\t\t\t\t\t\t\t<\/div>\n\t\t<\/div>\n\t\t\n\t\t<div class=\"accordion-section\">\n\t\t\t\t\t\t\t<div class=\"accordion-title-wrapper\">\n\t\t\t\t\t<h6 class=\"accordion-title\">\n\t\t\t\t\t\t<span class=\"title-prefix\">11.<\/span>\n\t\t\t\t\t\tHow can I make a donation ?\t\t\t\t\t\t<span class=\"accordion-icon\"><\/span>\n\t\t\t\t\t<\/h6>\n\t\t\t\t<\/div>\n\t\t\t\n\n\t\t\t<div class=\"accordion-content\">\n\t\t\t\t\t\t\t\t\tBy clicking <a href=\"https:\/\/amccmed.ca\/en\/donations\/faire-un-don\/\"> here<\/a> !\t\t\t\t\t\t\t<\/div>\n\t\t<\/div>\n\t\t\n\t\t<div class=\"accordion-section\">\n\t\t\t\t\t\t\t<div class=\"accordion-title-wrapper\">\n\t\t\t\t\t<h6 class=\"accordion-title\">\n\t\t\t\t\t\t<span class=\"title-prefix\">12.<\/span>\n\t\t\t\t\t\tCan I volunteer on an occasional basis ?\t\t\t\t\t\t<span class=\"accordion-icon\"><\/span>\n\t\t\t\t\t<\/h6>\n\t\t\t\t<\/div>\n\t\t\t\n\n\t\t\t<div class=\"accordion-content\">\n\t\t\t\t\t\t\t\t\tAbsolutely, the AMCC is always looking for volunteers.\t\t\t\t\t\t\t<\/div>\n\t\t<\/div>\n\t\t<\/div>\n<\/div><\/div><\/div><\/div><div class=\"vc_row-full-width vc_clearfix\"><\/div><div id=\"tm-row-69ea57ec7681b\" data-vc-full-width=\"true\" data-vc-full-width-init=\"false\" class=\"vc_row vc_row-outer vc_row-fluid vc_row-o-content-middle vc_row-flex\"><div id=\"tm-column-69ea57ec769fb\" class=\"wpb_column vc_column_container vc_col-sm-8\"><div class=\"vc_column-inner\"><div class=\"wpb_wrapper\">\n<div class=\"tm-heading modern-icon left tm-animation move-up\" id=\"tm-heading-69ea57ec76bb5\">\n\t<h3 class=\"heading\" ><span class=\"icon flaticon-062-cardiogram-3\"><\/span>Contact us for more information!<\/h3><\/div>\n\n<\/div><\/div><\/div><div id=\"tm-column-69ea57ec76de6\" class=\"wpb_column vc_column_container vc_col-sm-4\"><div class=\"vc_column-inner\"><div class=\"wpb_wrapper\"><div class=\"tm-button-wrapper  tm-animation move-up\" id=\"tm-button-69ea57ec76f99\">\n\t\t<a class=\"tm-button style-flat tm-button-nm tm-button-custom tm-button-\" href=\"https:\/\/amccmed.ca\/en\/contact-us\/\"\n\t\t\t>\n\n\t\t\n\t\t\t\t\t\t<span class=\"button-text\" data-text=\"Contactez\">\n\t\t\t\tContact Now\t\t\t<\/span>\n\t\t\t\n\t\t\n\n\t<\/a>\n<\/div>\n<\/div><\/div><\/div><\/div><div class=\"vc_row-full-width vc_clearfix\"><\/div>\n<\/div>","protected":false},"excerpt":{"rendered":"Foire Aux Questions 01. Pourquoi s\u2019inscrire \u00e0 l\u2019AMCC ? Pour plusieurs raisons telles qu'appartenir \u00e0 un r\u00e9seau de m\u00e9decins \u0153uvrant pour la r\u00e9ussite d\u2019autres m\u00e9decins, b\u00e9n\u00e9ficier de rabais pour la majorit\u00e9 des activit\u00e9s organis\u00e9es par l\u2019AMCC, et contribuer au d\u00e9veloppement, pour ce qui a trait \u00e0 la sant\u00e9, de la communaut\u00e9 noire. \u00c0 noter que les DHCEU s\u2019inscrivent dans la cat\u00e9gorie de membres affili\u00e9s. 02. Qui peut \u00eatre membre de l\u2019AMCC ? Toute personne int\u00e9ress\u00e9e par ses objectifs. Diff\u00e9rentes cat\u00e9gories vous sont offertes selon votre profil. 03. L\u2019AMCC accepte t\u2019elle des personnes qui ne sont pas m\u00e9decins ? Absolument. Bien que son titre d\u00e9signe les m\u00e9decins, l\u2019association est ouverte \u00e0 toute personne travaillant dans le milieu de la sant\u00e9 ou autre domaine. 04. Comment \u00eatre membre de l\u2019AMCC ? En cliquant ici ! 05. Je suis dipl\u00f4m\u00e9 hors Canada \u00c9tats-Unis (DHCEU), dans quelle cat\u00e9gorie m\u2019inscrire ? Celle des membres affili\u00e9s. Votre cat\u00e9gorie changera d\u00e8s votre int\u00e9gration dans le syst\u00e8me de sant\u00e9 Canadien comme \u00e9tudiant, r\u00e9sident ou m\u00e9decin autonome. 06. Je ne suis pas d\u2019origine Camerounaise, puis je \u00eatre membre de l\u2019AMCC ? Absolument, toute personne int\u00e9ress\u00e9e par les objectifs de l\u2019AMCC peut en \u00eatre membre. 07. Depuis quand l\u2019AMCC existe-t-elle ? Depuis plus de deux ans officieusement et officiellement depuis le 16 d\u00e9cembre 2021. 08. Faut-il \u00eatre membre pour participer aux activit\u00e9s ? Non ! 09. L\u2019AMCC est-elle un organisme de bienfaisance ? Pas pour l\u2019instant mais c\u2019est son objectif de le devenir. 10. Faut-il r\u00e9sider au Canada pour \u00eatre membre de l\u2019AMCC ? Pas forc\u00e9ment ! 11. Comment puis-je faire un don ? En cliquant ici ! 12. Puis je \u00eatre b\u00e9n\u00e9vole de fa\u00e7on ponctuelle ? Absolument, l\u2019AMCC est constamment \u00e0 la recherche de b\u00e9n\u00e9voles. Contactez-nous pour plus d'informations! Contactez","protected":false},"author":5,"featured_media":0,"parent":0,"menu_order":0,"comment_status":"closed","ping_status":"closed","template":"","meta":{"give_campaign_id":0,"nf_dc_page":"","_price":"","_stock":"","_tribe_ticket_header":"","_tribe_default_ticket_provider":"TEC\\Tickets\\Commerce\\Module","_tribe_ticket_capacity":"0","_ticket_start_date":"","_ticket_end_date":"","_tribe_ticket_show_description":"","_tribe_ticket_show_not_going":false,"_tribe_ticket_use_global_stock":"","_tribe_ticket_global_stock_level":"","_global_stock_mode":"","_global_stock_cap":"","_tribe_rsvp_for_event":"","_tribe_ticket_going_count":"","_tribe_ticket_not_going_count":"","_tribe_tickets_list":"[]","_tribe_ticket_has_attendee_info_fields":false,"footnotes":"","_tec_slr_enabled":"","_tec_slr_layout":""},"class_list":["post-523","page","type-page","status-publish","hentry"],"campaignId":"","ticketed":false,"_links":{"self":[{"href":"https:\/\/amccmed.ca\/en\/wp-json\/wp\/v2\/pages\/523","targetHints":{"allow":["GET"]}}],"collection":[{"href":"https:\/\/amccmed.ca\/en\/wp-json\/wp\/v2\/pages"}],"about":[{"href":"https:\/\/amccmed.ca\/en\/wp-json\/wp\/v2\/types\/page"}],"author":[{"embeddable":true,"href":"https:\/\/amccmed.ca\/en\/wp-json\/wp\/v2\/users\/5"}],"replies":[{"embeddable":true,"href":"https:\/\/amccmed.ca\/en\/wp-json\/wp\/v2\/comments?post=523"}],"version-history":[{"count":6,"href":"https:\/\/amccmed.ca\/en\/wp-json\/wp\/v2\/pages\/523\/revisions"}],"predecessor-version":[{"id":2761,"href":"https:\/\/amccmed.ca\/en\/wp-json\/wp\/v2\/pages\/523\/revisions\/2761"}],"wp:attachment":[{"href":"https:\/\/amccmed.ca\/en\/wp-json\/wp\/v2\/media?parent=523"}],"curies":[{"name":"wp","href":"https:\/\/api.w.org\/{rel}","templated":true}]}}